{"id":2436,"date":"2025-06-12T01:03:07","date_gmt":"2025-06-11T23:03:07","guid":{"rendered":"https:\/\/maiwald.cz\/arnost-maiwald\/"},"modified":"2025-06-12T15:30:19","modified_gmt":"2025-06-12T13:30:19","slug":"arnost-maiwald","status":"publish","type":"page","link":"https:\/\/maiwald.cz\/en\/arnost-maiwald\/","title":{"rendered":"Arno\u0161t Maiwald"},"content":{"rendered":"\t\t<div data-elementor-type=\"wp-page\" data-elementor-id=\"2436\" class=\"elementor elementor-2436 elementor-2178\" data-elementor-post-type=\"page\">\n\t\t\t\t<div class=\"elementor-element elementor-element-e2363ea e-flex e-con-boxed e-con e-parent\" data-id=\"e2363ea\" data-element_type=\"container\" data-settings=\"{&quot;background_background&quot;:&quot;classic&quot;}\">\n\t\t\t\t\t<div class=\"e-con-inner\">\n\t\t<div class=\"elementor-element elementor-element-ce880a9 e-con-full e-flex e-con e-child\" data-id=\"ce880a9\" data-element_type=\"container\">\n\t\t<div class=\"elementor-element elementor-element-522ad81 e-con-full e-flex e-con e-child\" data-id=\"522ad81\" data-element_type=\"container\">\n\t\t\t\t<div class=\"elementor-element elementor-element-bf4362c elementor-widget__width-initial elementor-widget elementor-widget-text-editor\" data-id=\"bf4362c\" data-element_type=\"widget\" data-widget_type=\"text-editor.default\">\n\t\t\t\t<div class=\"elementor-widget-container\">\n\t\t\t\t\t\t\t\t\t<p>My story<\/p>\t\t\t\t\t\t\t\t<\/div>\n\t\t\t\t<\/div>\n\t\t\t\t<div class=\"elementor-element elementor-element-cdb4006 elementor-widget elementor-widget-heading\" data-id=\"cdb4006\" data-element_type=\"widget\" data-widget_type=\"heading.default\">\n\t\t\t\t<div class=\"elementor-widget-container\">\n\t\t\t\t\t<h3 class=\"elementor-heading-title elementor-size-default\">ARNO\u0160T MAIWALD<\/h3>\t\t\t\t<\/div>\n\t\t\t\t<\/div>\n\t\t<div class=\"elementor-element elementor-element-ce427af e-con-full e-flex e-con e-child\" data-id=\"ce427af\" data-element_type=\"container\">\n\t\t\t\t<div class=\"elementor-element elementor-element-d6b75b1 elementor-widget__width-initial elementor-hidden-tablet elementor-hidden-mobile_extra elementor-hidden-mobile elementor-widget elementor-widget-text-editor\" data-id=\"d6b75b1\" data-element_type=\"widget\" data-widget_type=\"text-editor.default\">\n\t\t\t\t<div class=\"elementor-widget-container\">\n\t\t\t\t\t\t\t\t\t<p><em>&#8220;Our family farm has been farming for over three decades. It keeps the family tradition alive. In 1991 we started farming on an area of 33&nbsp;ha. In thirty years, we have grown a&nbsp;dynamic company that has prospered not only in the field of agriculture. We are still developing and opening up to new industries.<\/em><\/p>\t\t\t\t\t\t\t\t<\/div>\n\t\t\t\t<\/div>\n\t\t\t\t<div class=\"elementor-element elementor-element-feb39fd elementor-widget__width-initial elementor-hidden-tablet elementor-hidden-mobile_extra elementor-hidden-mobile elementor-widget elementor-widget-text-editor\" data-id=\"feb39fd\" data-element_type=\"widget\" data-widget_type=\"text-editor.default\">\n\t\t\t\t<div class=\"elementor-widget-container\">\n\t\t\t\t\t\t\t\t\t<p><em>We never forget how valuable farmland is, so we approach it with a&nbsp;sense of great responsibility.&#8221;<\/em><\/p>\t\t\t\t\t\t\t\t<\/div>\n\t\t\t\t<\/div>\n\t\t\t\t<div class=\"elementor-element elementor-element-d2b80b9 elementor-widget__width-initial elementor-widget elementor-widget-image\" data-id=\"d2b80b9\" data-element_type=\"widget\" data-widget_type=\"image.default\">\n\t\t\t\t<div class=\"elementor-widget-container\">\n\t\t\t\t\t\t\t\t\t\t\t\t\t\t\t<img decoding=\"async\" width=\"369\" height=\"68\" src=\"https:\/\/maiwald.cz\/wp-content\/uploads\/2025\/06\/podpis.png\" class=\"attachment-large size-large wp-image-2442\" alt=\"\" \/>\t\t\t\t\t\t\t\t\t\t\t\t\t\t\t<\/div>\n\t\t\t\t<\/div>\n\t\t\t\t<\/div>\n\t\t\t\t<\/div>\n\t\t<div class=\"elementor-element elementor-element-93d9c80 e-con-full elementor-hidden-mobile_extra elementor-hidden-mobile e-flex e-con e-child\" data-id=\"93d9c80\" data-element_type=\"container\">\n\t\t\t\t<div class=\"elementor-element elementor-element-2e89175 elementor-hidden-mobile_extra elementor-hidden-mobile elementor-widget elementor-widget-image\" data-id=\"2e89175\" data-element_type=\"widget\" data-widget_type=\"image.default\">\n\t\t\t\t<div class=\"elementor-widget-container\">\n\t\t\t\t\t\t\t\t\t\t\t\t\t\t\t<img fetchpriority=\"high\" decoding=\"async\" width=\"291\" height=\"213\" src=\"https:\/\/maiwald.cz\/wp-content\/uploads\/2025\/06\/rostlinky.png\" class=\"attachment-large size-large wp-image-2441\" alt=\"\" \/>\t\t\t\t\t\t\t\t\t\t\t\t\t\t\t<\/div>\n\t\t\t\t<\/div>\n\t\t\t\t<\/div>\n\t\t\t\t<\/div>\n\t\t\t\t\t<\/div>\n\t\t\t\t<\/div>\n\t\t<div class=\"elementor-element elementor-element-ed36c59 elementor-hidden-widescreen elementor-hidden-desktop elementor-hidden-laptop elementor-hidden-tablet_extra e-flex e-con-boxed e-con e-parent\" data-id=\"ed36c59\" data-element_type=\"container\" data-settings=\"{&quot;background_background&quot;:&quot;classic&quot;}\">\n\t\t\t\t\t<div class=\"e-con-inner\">\n\t\t<div class=\"elementor-element elementor-element-f74c2df e-con-full e-flex e-con e-child\" data-id=\"f74c2df\" data-element_type=\"container\">\n\t\t\t\t<div class=\"elementor-element elementor-element-e2be51f elementor-widget__width-initial elementor-widget elementor-widget-text-editor\" data-id=\"e2be51f\" data-element_type=\"widget\" data-widget_type=\"text-editor.default\">\n\t\t\t\t<div class=\"elementor-widget-container\">\n\t\t\t\t\t\t\t\t\t<p><em>&#8220;Our family farm has been farming for over three decades. It keeps the family tradition alive. In 1991 we started farming on an area of 33&nbsp;ha. In thirty years, we have grown a&nbsp;dynamic company that has prospered not only in the field of agriculture. We are still developing and opening up to new industries.<\/em><\/p>\t\t\t\t\t\t\t\t<\/div>\n\t\t\t\t<\/div>\n\t\t\t\t<div class=\"elementor-element elementor-element-4ab06e6 elementor-widget__width-initial elementor-widget elementor-widget-text-editor\" data-id=\"4ab06e6\" data-element_type=\"widget\" data-widget_type=\"text-editor.default\">\n\t\t\t\t<div class=\"elementor-widget-container\">\n\t\t\t\t\t\t\t\t\t<p><em>We never forget how valuable farmland is, so we approach it with a&nbsp;sense of great responsibility.&#8221;<\/em><\/p>\t\t\t\t\t\t\t\t<\/div>\n\t\t\t\t<\/div>\n\t\t\t\t<\/div>\n\t\t\t\t\t<\/div>\n\t\t\t\t<\/div>\n\t\t\t\t<\/div>\n\t\t","protected":false},"excerpt":{"rendered":"<p>My story ARNO\u0160T MAIWALD &#8220;Our family farm has been farming for over three decades. It keeps the family tradition alive. In 1991 we started farming on an area of 33&nbsp;ha. In thirty years, we have grown a&nbsp;dynamic company that has prospered not only in the field of agriculture. We are still developing and opening up [&hellip;]<\/p>\n","protected":false},"author":2,"featured_media":1626,"parent":0,"menu_order":0,"comment_status":"closed","ping_status":"closed","template":"","meta":{"_acf_changed":false,"inline_featured_image":false,"footnotes":""},"class_list":["post-2436","page","type-page","status-publish","has-post-thumbnail","hentry"],"acf":[],"yoast_head":"<!-- This site is optimized with the Yoast SEO plugin v26.7 - https:\/\/yoast.com\/wordpress\/plugins\/seo\/ -->\n<title>Arno\u0161t Maiwald - Maiwald<\/title>\n<meta name=\"robots\" content=\"index, follow, max-snippet:-1, max-image-preview:large, max-video-preview:-1\" \/>\n<link rel=\"canonical\" href=\"https:\/\/maiwald.cz\/en\/arnost-maiwald\/\" \/>\n<meta property=\"og:locale\" content=\"en_US\" \/>\n<meta property=\"og:type\" content=\"article\" \/>\n<meta property=\"og:title\" content=\"Arno\u0161t Maiwald - Maiwald\" \/>\n<meta property=\"og:description\" content=\"My story ARNO\u0160T MAIWALD &#8220;Our family farm has been farming for over three decades. It keeps the family tradition alive. In 1991 we started farming on an area of 33&nbsp;ha. In thirty years, we have grown a&nbsp;dynamic company that has prospered not only in the field of agriculture. We are still developing and opening up [&hellip;]\" \/>\n<meta property=\"og:url\" content=\"https:\/\/maiwald.cz\/en\/arnost-maiwald\/\" \/>\n<meta property=\"og:site_name\" content=\"Maiwald\" \/>\n<meta property=\"article:modified_time\" content=\"2025-06-12T13:30:19+00:00\" \/>\n<meta property=\"og:image\" content=\"https:\/\/maiwald.cz\/wp-content\/uploads\/2025\/05\/casova-osa4.jpg\" \/>\n\t<meta property=\"og:image:width\" content=\"293\" \/>\n\t<meta property=\"og:image:height\" content=\"197\" \/>\n\t<meta property=\"og:image:type\" content=\"image\/jpeg\" \/>\n<meta name=\"twitter:card\" content=\"summary_large_image\" \/>\n<meta name=\"twitter:label1\" content=\"Est. reading time\" \/>\n\t<meta name=\"twitter:data1\" content=\"1 minute\" \/>\n<script type=\"application\/ld+json\" class=\"yoast-schema-graph\">{\"@context\":\"https:\/\/schema.org\",\"@graph\":[{\"@type\":\"WebPage\",\"@id\":\"https:\/\/maiwald.cz\/en\/arnost-maiwald\/\",\"url\":\"https:\/\/maiwald.cz\/en\/arnost-maiwald\/\",\"name\":\"Arno\u0161t Maiwald - Maiwald\",\"isPartOf\":{\"@id\":\"https:\/\/maiwald.cz\/#website\"},\"primaryImageOfPage\":{\"@id\":\"https:\/\/maiwald.cz\/en\/arnost-maiwald\/#primaryimage\"},\"image\":{\"@id\":\"https:\/\/maiwald.cz\/en\/arnost-maiwald\/#primaryimage\"},\"thumbnailUrl\":\"https:\/\/maiwald.cz\/wp-content\/uploads\/2025\/05\/casova-osa4.jpg\",\"datePublished\":\"2025-06-11T23:03:07+00:00\",\"dateModified\":\"2025-06-12T13:30:19+00:00\",\"breadcrumb\":{\"@id\":\"https:\/\/maiwald.cz\/en\/arnost-maiwald\/#breadcrumb\"},\"inLanguage\":\"en-US\",\"potentialAction\":[{\"@type\":\"ReadAction\",\"target\":[\"https:\/\/maiwald.cz\/en\/arnost-maiwald\/\"]}]},{\"@type\":\"ImageObject\",\"inLanguage\":\"en-US\",\"@id\":\"https:\/\/maiwald.cz\/en\/arnost-maiwald\/#primaryimage\",\"url\":\"https:\/\/maiwald.cz\/wp-content\/uploads\/2025\/05\/casova-osa4.jpg\",\"contentUrl\":\"https:\/\/maiwald.cz\/wp-content\/uploads\/2025\/05\/casova-osa4.jpg\",\"width\":293,\"height\":197},{\"@type\":\"BreadcrumbList\",\"@id\":\"https:\/\/maiwald.cz\/en\/arnost-maiwald\/#breadcrumb\",\"itemListElement\":[{\"@type\":\"ListItem\",\"position\":1,\"name\":\"Dom\u016f\",\"item\":\"https:\/\/maiwald.cz\/\"},{\"@type\":\"ListItem\",\"position\":2,\"name\":\"Arno\u0161t Maiwald\"}]},{\"@type\":\"WebSite\",\"@id\":\"https:\/\/maiwald.cz\/#website\",\"url\":\"https:\/\/maiwald.cz\/\",\"name\":\"Maiwald\",\"description\":\"Zem\u011bd\u011blstv\u00ed nov\u00e9 generace \u2013 od pol\u00ed po bioplyn, s d\u016frazem na kvalitu, inovace a ohleduplnost k p\u0159\u00edrod\u011b i spole\u010dnosti.\",\"publisher\":{\"@id\":\"https:\/\/maiwald.cz\/#organization\"},\"potentialAction\":[{\"@type\":\"SearchAction\",\"target\":{\"@type\":\"EntryPoint\",\"urlTemplate\":\"https:\/\/maiwald.cz\/?s={search_term_string}\"},\"query-input\":{\"@type\":\"PropertyValueSpecification\",\"valueRequired\":true,\"valueName\":\"search_term_string\"}}],\"inLanguage\":\"en-US\"},{\"@type\":\"Organization\",\"@id\":\"https:\/\/maiwald.cz\/#organization\",\"name\":\"Maiwald\",\"url\":\"https:\/\/maiwald.cz\/\",\"logo\":{\"@type\":\"ImageObject\",\"inLanguage\":\"en-US\",\"@id\":\"https:\/\/maiwald.cz\/#\/schema\/logo\/image\/\",\"url\":\"https:\/\/maiwald.cz\/wp-content\/uploads\/2025\/05\/cropped-logo-nadpis.jpg\",\"contentUrl\":\"https:\/\/maiwald.cz\/wp-content\/uploads\/2025\/05\/cropped-logo-nadpis.jpg\",\"width\":423,\"height\":50,\"caption\":\"Maiwald\"},\"image\":{\"@id\":\"https:\/\/maiwald.cz\/#\/schema\/logo\/image\/\"}}]}<\/script>\n<!-- \/ Yoast SEO plugin. -->","yoast_head_json":{"title":"Arno\u0161t Maiwald - Maiwald","robots":{"index":"index","follow":"follow","max-snippet":"max-snippet:-1","max-image-preview":"max-image-preview:large","max-video-preview":"max-video-preview:-1"},"canonical":"https:\/\/maiwald.cz\/en\/arnost-maiwald\/","og_locale":"en_US","og_type":"article","og_title":"Arno\u0161t Maiwald - Maiwald","og_description":"My story ARNO\u0160T MAIWALD &#8220;Our family farm has been farming for over three decades. It keeps the family tradition alive. In 1991 we started farming on an area of 33&nbsp;ha. In thirty years, we have grown a&nbsp;dynamic company that has prospered not only in the field of agriculture. We are still developing and opening up [&hellip;]","og_url":"https:\/\/maiwald.cz\/en\/arnost-maiwald\/","og_site_name":"Maiwald","article_modified_time":"2025-06-12T13:30:19+00:00","og_image":[{"width":293,"height":197,"url":"https:\/\/maiwald.cz\/wp-content\/uploads\/2025\/05\/casova-osa4.jpg","type":"image\/jpeg"}],"twitter_card":"summary_large_image","twitter_misc":{"Est. reading time":"1 minute"},"schema":{"@context":"https:\/\/schema.org","@graph":[{"@type":"WebPage","@id":"https:\/\/maiwald.cz\/en\/arnost-maiwald\/","url":"https:\/\/maiwald.cz\/en\/arnost-maiwald\/","name":"Arno\u0161t Maiwald - Maiwald","isPartOf":{"@id":"https:\/\/maiwald.cz\/#website"},"primaryImageOfPage":{"@id":"https:\/\/maiwald.cz\/en\/arnost-maiwald\/#primaryimage"},"image":{"@id":"https:\/\/maiwald.cz\/en\/arnost-maiwald\/#primaryimage"},"thumbnailUrl":"https:\/\/maiwald.cz\/wp-content\/uploads\/2025\/05\/casova-osa4.jpg","datePublished":"2025-06-11T23:03:07+00:00","dateModified":"2025-06-12T13:30:19+00:00","breadcrumb":{"@id":"https:\/\/maiwald.cz\/en\/arnost-maiwald\/#breadcrumb"},"inLanguage":"en-US","potentialAction":[{"@type":"ReadAction","target":["https:\/\/maiwald.cz\/en\/arnost-maiwald\/"]}]},{"@type":"ImageObject","inLanguage":"en-US","@id":"https:\/\/maiwald.cz\/en\/arnost-maiwald\/#primaryimage","url":"https:\/\/maiwald.cz\/wp-content\/uploads\/2025\/05\/casova-osa4.jpg","contentUrl":"https:\/\/maiwald.cz\/wp-content\/uploads\/2025\/05\/casova-osa4.jpg","width":293,"height":197},{"@type":"BreadcrumbList","@id":"https:\/\/maiwald.cz\/en\/arnost-maiwald\/#breadcrumb","itemListElement":[{"@type":"ListItem","position":1,"name":"Dom\u016f","item":"https:\/\/maiwald.cz\/"},{"@type":"ListItem","position":2,"name":"Arno\u0161t Maiwald"}]},{"@type":"WebSite","@id":"https:\/\/maiwald.cz\/#website","url":"https:\/\/maiwald.cz\/","name":"Maiwald","description":"Zem\u011bd\u011blstv\u00ed nov\u00e9 generace \u2013 od pol\u00ed po bioplyn, s d\u016frazem na kvalitu, inovace a ohleduplnost k p\u0159\u00edrod\u011b i spole\u010dnosti.","publisher":{"@id":"https:\/\/maiwald.cz\/#organization"},"potentialAction":[{"@type":"SearchAction","target":{"@type":"EntryPoint","urlTemplate":"https:\/\/maiwald.cz\/?s={search_term_string}"},"query-input":{"@type":"PropertyValueSpecification","valueRequired":true,"valueName":"search_term_string"}}],"inLanguage":"en-US"},{"@type":"Organization","@id":"https:\/\/maiwald.cz\/#organization","name":"Maiwald","url":"https:\/\/maiwald.cz\/","logo":{"@type":"ImageObject","inLanguage":"en-US","@id":"https:\/\/maiwald.cz\/#\/schema\/logo\/image\/","url":"https:\/\/maiwald.cz\/wp-content\/uploads\/2025\/05\/cropped-logo-nadpis.jpg","contentUrl":"https:\/\/maiwald.cz\/wp-content\/uploads\/2025\/05\/cropped-logo-nadpis.jpg","width":423,"height":50,"caption":"Maiwald"},"image":{"@id":"https:\/\/maiwald.cz\/#\/schema\/logo\/image\/"}}]}},"_links":{"self":[{"href":"https:\/\/maiwald.cz\/en\/wp-json\/wp\/v2\/pages\/2436","targetHints":{"allow":["GET"]}}],"collection":[{"href":"https:\/\/maiwald.cz\/en\/wp-json\/wp\/v2\/pages"}],"about":[{"href":"https:\/\/maiwald.cz\/en\/wp-json\/wp\/v2\/types\/page"}],"author":[{"embeddable":true,"href":"https:\/\/maiwald.cz\/en\/wp-json\/wp\/v2\/users\/2"}],"replies":[{"embeddable":true,"href":"https:\/\/maiwald.cz\/en\/wp-json\/wp\/v2\/comments?post=2436"}],"version-history":[{"count":3,"href":"https:\/\/maiwald.cz\/en\/wp-json\/wp\/v2\/pages\/2436\/revisions"}],"predecessor-version":[{"id":2611,"href":"https:\/\/maiwald.cz\/en\/wp-json\/wp\/v2\/pages\/2436\/revisions\/2611"}],"wp:featuredmedia":[{"embeddable":true,"href":"https:\/\/maiwald.cz\/en\/wp-json\/wp\/v2\/media\/1626"}],"wp:attachment":[{"href":"https:\/\/maiwald.cz\/en\/wp-json\/wp\/v2\/media?parent=2436"}],"curies":[{"name":"wp","href":"https:\/\/api.w.org\/{rel}","templated":true}]}}